{"id":28863,"date":"2018-03-19T10:18:42","date_gmt":"2018-03-19T10:18:42","guid":{"rendered":"http:\/\/abasolleira.com\/ley-de-cookies\/"},"modified":"2020-03-26T16:22:23","modified_gmt":"2020-03-26T16:22:23","slug":"ley-de-cookies","status":"publish","type":"page","link":"https:\/\/abasolleira.com\/en\/ley-de-cookies\/","title":{"rendered":"Ley de cookies"},"content":{"rendered":"<p>[et_pb_section fb_built=&#8221;1&#8243; admin_label=&#8221;section&#8221; _builder_version=&#8221;3.22&#8243;][et_pb_row admin_label=&#8221;row&#8221; _builder_version=&#8221;3.25&#8243; background_size=&#8221;initial&#8221; background_position=&#8221;top_left&#8221; background_repeat=&#8221;repeat&#8221;][et_pb_column type=&#8221;4_4&#8243; _builder_version=&#8221;3.25&#8243; custom_padding=&#8221;|||&#8221; custom_padding__hover=&#8221;|||&#8221;][et_pb_text admin_label=&#8221;Text&#8221; _builder_version=&#8221;4.4.1&#8243; background_size=&#8221;initial&#8221; background_position=&#8221;top_left&#8221; background_repeat=&#8221;repeat&#8221; hover_enabled=&#8221;0&#8243;]<\/p>\n<h1>POl\u00cdTICA DE COOKIES<\/h1>\n<p><strong>\u00bfQu\u00e9 son las Cookies?<\/strong><\/p>\n<p>Una cookie es un archivo o dispositivo que se descarga en el equipo terminal de un usuario con la finalidad de almacenar datos que podr\u00e1n ser actualizados y recuperados por la entidad responsable de su instalaci\u00f3n. Es decir, es un fichero que se descarga en su ordenador al acceder a determinadas p\u00e1ginas web. Las cookies permiten a una p\u00e1gina web, entre otras cosas, almacenar y recuperar informaci\u00f3n sobre los h\u00e1bitos de navegaci\u00f3n de un usuario o de su equipo y, dependiendo de la informaci\u00f3n que contengan y de la forma en que utilice su equipo, pueden utilizarse para reconocer al usuario.<\/p>\n<p>Sus principales funciones son:<\/p>\n<ul>\n<li>Llevar el control de usuarios: cuando un usuario introduce su nombre de usuario y contrase\u00f1a, se almacena una cookie para que no tenga que estar introduci\u00e9ndolas para cada p\u00e1gina del servidor. Sin embargo, una cookie no identifica solo a una persona, sino a una combinaci\u00f3n de computador-navegador-usuario.<\/li>\n<li>Conseguir informaci\u00f3n sobre los h\u00e1bitos de navegaci\u00f3n del usuario, e intentos de spyware (programas esp\u00eda), por parte de agencias de publicidad y otros. Esto puede causar problemas de privacidad y es una de las razones por la que las cookies tienen sus detractores.<\/li>\n<\/ul>\n<p>&nbsp;<\/p>\n<p>Existen diferentes tipos de cookies en funci\u00f3n, sobre todo, de la finalidad para la que son utilizadas, as\u00ed se distinguen, entre otras las siguientes:<\/p>\n<p>Cookies de an\u00e1lisis: estas cookies se utilizan para llevar a cabo un an\u00e1lisis de los comportamientos y acciones de los usuarios de la p\u00e1gina web as\u00ed como para la elaboraci\u00f3n de perfiles de navegaci\u00f3n con el fin de realizar mejoras t\u00e9cnicas de funcionamiento y de servicio.<\/p>\n<p>Cookies publicitarias: permiten una gesti\u00f3n eficiente de espacios publicitarios en base a una serie de criterios, por ejemplo, verificar si el usuario ha tenido ya acceso o no a una noticia para proceder a actualizarla con una otra nueva.<\/p>\n<p>Cookies de publicidad comportamental: estas cookies se encargan de almacenar informaci\u00f3n del propio comportamiento de los usuarios centr\u00e1ndose en sus h\u00e1bitos de navegaci\u00f3n. Esto permite establecer perfiles de usuario en funci\u00f3n de su comportamiento y utilizarlos para personalizar la publicidad presentada.<\/p>\n<p>Si el usuario desea obtener m\u00e1s informaci\u00f3n sobre las cookies puede consultar el siguiente sitio web <a href=\"http:\/\/www.aboutcookies.org\/\"><span>http:\/\/www.aboutcookies.org\/<\/span><\/a>.<\/p>\n<p><strong> <\/strong><\/p>\n<p><strong>\u00bfQu\u00e9 tipo de cookies utiliza esta p\u00e1gina web?<\/strong><\/p>\n<p>La presente p\u00e1gina web est\u00e1 utilizando cookies que permiten facilitar al usuario el uso y la navegaci\u00f3n a trav\u00e9s de la misma, garantizar el acceso a determinados servicios, as\u00ed como mejorar la configuraci\u00f3n funcional de la web.<\/p>\n<p>Concretamente, esta p\u00e1gina web utiliza las siguientes cookies:<\/p>\n<p style=\"text-align: center;\"><strong>RESUMEN DE COOKIES<\/strong><\/p>\n<table style=\"width: 100%; margin-left: auto; margin-right: auto;\">\n<tbody>\n<tr style=\"height: 48px;\">\n<td style=\"width: 57%; text-align: center; height: 48px;\">Tipo<\/td>\n<td style=\"width: 10.0432%; text-align: center; height: 48px;\">Nombre<\/td>\n<td style=\"width: 19.9568%; text-align: center; height: 48px;\">De sesi\u00f3n\/Persistentes<\/td>\n<td style=\"width: 23%; text-align: center; height: 48px;\">Propias\/Terceros<\/td>\n<\/tr>\n<tr style=\"height: 36.8667px;\">\n<td style=\"width: 57%; height: 36.8667px; text-align: left;\">Almacenan informaci\u00f3n, identificadores y preferencias relacionados con Google<\/td>\n<td style=\"width: 10.0432%; height: 36.8667px; text-align: center;\">CONSENT<\/td>\n<td style=\"width: 19.9568%; height: 36.8667px; text-align: center;\">Persistente<\/td>\n<td style=\"width: 23%; height: 36.8667px; text-align: center;\">Terceros (Google)<\/td>\n<\/tr>\n<tr style=\"height: 38px;\">\n<td style=\"width: 57%; height: 38px; text-align: left;\">Anal\u00edtica web, se usa para distinguir a los usuarios&lt;<\/td>\n<td style=\"width: 10.0432%; height: 38px; text-align: center;\">_ga<\/td>\n<td style=\"width: 19.9568%; height: 38px; text-align: center;\">24 meses<\/td>\n<td style=\"width: 23%; height: 38px; text-align: center;\">Terceros (Google)<\/td>\n<\/tr>\n<tr style=\"height: 39px;\">\n<td style=\"width: 57%; height: 39px; text-align: left;\">Anal\u00edtica web, se usa para distinguir a los usuarios<\/td>\n<td style=\"width: 10.0432%; height: 39px; text-align: center;\">_gid<\/td>\n<td style=\"width: 19.9568%; height: 39px; text-align: center;\">Sesi\u00f3n<\/td>\n<td style=\"width: 23%; height: 39px; text-align: center;\">Terceros (Google)<\/td>\n<\/tr>\n<tr style=\"height: 52px;\">\n<td style=\"width: 57%; height: 52px; text-align: left;\">Se usa para recordar el idioma que ha seleccionado el usuario y mostrarle los contenidos en ese mismo idioma a lo largo de su navegaci\u00f3n.<\/td>\n<td style=\"width: 10.0432%; height: 52px; text-align: center;\">_icl_current_language<\/td>\n<td style=\"width: 19.9568%; height: 52px; text-align: center;\">24 horas<\/td>\n<td style=\"width: 23%; height: 52px; text-align: center;\">Propia<\/td>\n<\/tr>\n<tr style=\"height: 82px;\">\n<td style=\"width: 57%; height: 82px; text-align: left;\">Se usa para recordar la verificaci\u00f3n de edad y en funci\u00f3n de esta mostrar contenido o no.<\/td>\n<td style=\"width: 10.0432%; height: 82px; text-align: center;\">age_gate<\/td>\n<td style=\"width: 19.9568%; height: 82px; text-align: center;\">12 meses<\/td>\n<td style=\"width: 23%; height: 82px; text-align: center;\">Propia<\/td>\n<\/tr>\n<tr style=\"height: 82px;\">\n<td style=\"width: 57%; height: 82px; text-align: left;\">Almacena un ID an\u00f3nimo generado de manera aleatoria. Este solamente se utiliza dentro del \u00e1mbito de la administraci\u00f3n y se utiliza para el seguimiento de an\u00e1lisis generales.<\/td>\n<td style=\"width: 10.0432%; height: 82px; text-align: center;\">tk_ai<\/td>\n<td style=\"width: 19.9568%; height: 82px; text-align: center;\">Sesi\u00f3n<\/td>\n<td style=\"width: 23%; height: 82px; text-align: center;\">Terceros (Google)<\/td>\n<\/tr>\n<tr style=\"height: 82px;\">\n<td style=\"width: 57%; height: 82px; text-align: left;\">Cookies que usamos para mejorar la experiencia del usuario en la p\u00e1gina.<\/td>\n<td style=\"width: 10.0432%; height: 82px; text-align: center;\">tk_lr<\/td>\n<td style=\"width: 19.9568%; height: 82px; text-align: center;\">12 meses<\/td>\n<td style=\"width: 23%; height: 82px; text-align: center;\">Propia<\/td>\n<\/tr>\n<tr style=\"height: 82px;\">\n<td style=\"width: 57%; height: 82px; text-align: left;\">Cookies que usamos para mejorar la experiencia del usuario en la p\u00e1gina.<\/td>\n<td style=\"width: 10.0432%; height: 82px; text-align: center;\">tk_or<\/td>\n<td style=\"width: 19.9568%; height: 82px; text-align: center;\">5 a\u00f1os<\/td>\n<td style=\"width: 23%; height: 82px; text-align: center;\">Propia<\/td>\n<\/tr>\n<tr style=\"height: 82px;\">\n<td style=\"width: 57%; height: 82px; text-align: left;\">Cookies que usamos para mejorar la experiencia del usuario en la p\u00e1gina.<\/td>\n<td style=\"width: 10.0432%; height: 82px; text-align: center;\">tk_r3d<\/td>\n<td style=\"width: 19.9568%; height: 82px; text-align: center;\">2 d\u00edas<\/td>\n<td style=\"width: 23%; height: 82px; text-align: center;\">Propia<\/td>\n<\/tr>\n<tr style=\"height: 82px;\">\n<td style=\"width: 57%; height: 82px; text-align: left;\">Esta cookie ayuda a los sitios a saber si ha habido un inicio de sesi\u00f3n de administrador desde un nuevo dispositivo o ubicaci\u00f3n, para ayudar a la seguridad del sitio web.<\/td>\n<td style=\"width: 10.0432%; height: 82px; text-align: center;\">wf_loginalerted<\/td>\n<td style=\"width: 19.9568%; height: 82px; text-align: center;\">1 a\u00f1o<\/td>\n<td style=\"width: 23%; height: 82px; text-align: center;\">Terceros (Wordfences)<\/td>\n<\/tr>\n<tr style=\"height: 82px;\">\n<td style=\"width: 57%; height: 82px; text-align: left;\">Se activa durante el login y guarda los detalles de autentificaci\u00f3n.<\/td>\n<td style=\"width: 10.0432%; height: 82px; text-align: center;\">wordpress_test_cookie<\/td>\n<td style=\"width: 19.9568%; height: 82px; text-align: center;\">1 a\u00f1o<\/td>\n<td style=\"width: 23%; height: 82px; text-align: center;\">Propia<\/td>\n<\/tr>\n<tr style=\"height: 82px;\">\n<td style=\"width: 57%; height: 82px; text-align: left;\">Se usa para limitar el porcentaje de solicitudes.<\/td>\n<td style=\"width: 10.0432%; height: 82px; text-align: center;\">_gat_gtag_UA<\/td>\n<td style=\"width: 19.9568%; height: 82px; text-align: center;\">1 minuto<\/td>\n<td style=\"width: 23%; height: 82px; text-align: center;\">Terceros (Google)<\/td>\n<\/tr>\n<tr style=\"height: 82px;\">\n<td style=\"width: 57%; height: 82px; text-align: left;\">Permite la funcionalidad de la cesta de la compra.<\/td>\n<td style=\"width: 10.0432%; height: 82px; text-align: center;\">woocommerce_cart_hash<\/td>\n<td style=\"width: 19.9568%; height: 82px; text-align: center;\">Sesi\u00f3n<\/td>\n<td style=\"width: 23%; height: 82px; text-align: center;\">Propia<\/td>\n<\/tr>\n<tr style=\"height: 82px;\">\n<td style=\"width: 57%; height: 82px; text-align: left;\">Recoge si se han a\u00f1adido productos al carrito.<\/td>\n<td style=\"width: 10.0432%; height: 82px; text-align: center;\">woocommerce_items_in_cart<\/td>\n<td style=\"width: 19.9568%; height: 82px; text-align: center;\">Sesi\u00f3n<\/td>\n<td style=\"width: 23%; height: 82px; text-align: center;\">Propia<\/td>\n<\/tr>\n<tr style=\"height: 82px;\">\n<td style=\"width: 57%; height: 82px; text-align: left;\">Recoge si se han a\u00f1adido productos al carrito.<\/td>\n<td style=\"width: 10.0432%; height: 82px; text-align: center;\">wp_woocommerce_session<\/td>\n<td style=\"width: 19.9568%; height: 82px; text-align: center;\">2 d\u00edas<\/td>\n<td style=\"width: 23%; height: 82px; text-align: center;\">Propia<\/td>\n<\/tr>\n<tr style=\"height: 82px;\">\n<td style=\"width: 57%; height: 82px; text-align: left;\">Cookies que usamos para mejorar la experiencia del usuario en la web<\/td>\n<td style=\"width: 10.0432%; height: 82px; text-align: center;\">tk_qs<\/td>\n<td style=\"width: 19.9568%; height: 82px; text-align: center;\">1 d\u00eda<\/td>\n<td style=\"width: 23%; height: 82px; text-align: center;\">Propia<\/td>\n<\/tr>\n<\/tbody>\n<\/table>\n<p><strong>\u00bfC\u00f3mo gestionar la configuraci\u00f3n de las cookies?<\/strong><\/p>\n<p>En el presente apartado se lleva a cabo una breve exposici\u00f3n de c\u00f3mo consultar y llevar a cabo la configuraci\u00f3n del sistema de cookies en relaci\u00f3n a los navegadores m\u00e1s comunes o m\u00e1s utilizados por los usuarios<\/p>\n<p>En este sentido, pr\u00e1cticamente todos los navegadores permiten al usuario obtener informaci\u00f3n general sobre las cookies instaladas en una p\u00e1gina web, concretamente verificar la existencia de las mismas, su duraci\u00f3n o el sistema de eliminaci\u00f3n. En este sentido, a t\u00edtulo informativo, se facilitan una serie de enlaces relacionados:<\/p>\n<ul>\n<li><a href=\"https:\/\/support.google.com\/chrome\/answer\/95647?hl=es\"><span>Google Chrome<\/span><\/a><\/li>\n<li><a href=\"https:\/\/support.mozilla.org\/es\/kb\/cookies-informacion-que-los-sitios-web-guardan-en-\"><span>Mozilla Firefox<\/span><\/a><\/li>\n<li><a href=\"http:\/\/windows.microsoft.com\/es-es\/windows7\/how-to-manage-cookies-in-internet-explorer-9\"><span>Internet Explorer<\/span><\/a><\/li>\n<\/ul>\n<p>Por otra parte, el usuario podr\u00e1 permitir, bloquear o eliminar las cookies instaladas en su equipo modificando la configuraci\u00f3n de su navegador conforme a las instrucciones indicadas en el mismo. A t\u00edtulo informativo se indica que habitualmente la configuraci\u00f3n de las cookies se suele llevar a cabo en el men\u00fa \u201cPreferencias\u201d o \u201cHerramientas\u201d de cada navegador, en cualquier caso, siempre podr\u00e1 acudir a la ayuda de su navegador para solucionar o solventar las dudas que se le generen al respecto.<\/p>\n<p>Conviene tener en cuenta que, si se impide la instalaci\u00f3n de todas las cookies, el contenido de la web as\u00ed como determinadas funcionalidades y servicios facilitados por la misma pueden verse afectados.[\/et_pb_text][\/et_pb_column][\/et_pb_row][\/et_pb_section]<\/p>\n","protected":false},"excerpt":{"rendered":"<p>POl\u00cdTICA DE COOKIES \u00bfQu\u00e9 son las Cookies? Una cookie es un archivo o dispositivo que se descarga en el equipo terminal de un usuario con la finalidad de almacenar datos que podr\u00e1n ser actualizados y recuperados por la entidad responsable de su instalaci\u00f3n. Es decir, es un fichero que se descarga en su ordenador al [&hellip;]<\/p>\n","protected":false},"author":1,"featured_media":0,"parent":0,"menu_order":0,"comment_status":"closed","ping_status":"closed","template":"","meta":{"_et_pb_use_builder":"on","_et_pb_old_content":"HOLA","_et_gb_content_width":"","footnotes":""},"class_list":["post-28863","page","type-page","status-publish","hentry"],"_links":{"self":[{"href":"https:\/\/abasolleira.com\/en\/wp-json\/wp\/v2\/pages\/28863","targetHints":{"allow":["GET"]}}],"collection":[{"href":"https:\/\/abasolleira.com\/en\/wp-json\/wp\/v2\/pages"}],"about":[{"href":"https:\/\/abasolleira.com\/en\/wp-json\/wp\/v2\/types\/page"}],"author":[{"embeddable":true,"href":"https:\/\/abasolleira.com\/en\/wp-json\/wp\/v2\/users\/1"}],"replies":[{"embeddable":true,"href":"https:\/\/abasolleira.com\/en\/wp-json\/wp\/v2\/comments?post=28863"}],"version-history":[{"count":0,"href":"https:\/\/abasolleira.com\/en\/wp-json\/wp\/v2\/pages\/28863\/revisions"}],"wp:attachment":[{"href":"https:\/\/abasolleira.com\/en\/wp-json\/wp\/v2\/media?parent=28863"}],"curies":[{"name":"wp","href":"https:\/\/api.w.org\/{rel}","templated":true}]}}