{"id":28862,"date":"2018-03-19T10:53:54","date_gmt":"2018-03-19T10:53:54","guid":{"rendered":"http:\/\/abasolleira.com\/la-politica-de-privacidad\/"},"modified":"2020-03-26T16:26:35","modified_gmt":"2020-03-26T16:26:35","slug":"la-politica-de-privacidad","status":"publish","type":"page","link":"https:\/\/abasolleira.com\/en\/la-politica-de-privacidad\/","title":{"rendered":"La pol\u00edtica de privacidad"},"content":{"rendered":"<p>[et_pb_section fb_built=&#8221;1&#8243; _builder_version=&#8221;3.22&#8243;][et_pb_row _builder_version=&#8221;3.25&#8243; background_size=&#8221;initial&#8221; background_position=&#8221;top_left&#8221; background_repeat=&#8221;repeat&#8221;][et_pb_column type=&#8221;4_4&#8243; _builder_version=&#8221;3.25&#8243; custom_padding=&#8221;|||&#8221; custom_padding__hover=&#8221;|||&#8221;][et_pb_text _builder_version=&#8221;4.4.1&#8243; hover_enabled=&#8221;0&#8243;]<\/p>\n<h1>POL\u00cdTICA DE PRIVACIDAD<\/h1>\n<p><strong>Introducci\u00f3n<\/strong><\/p>\n<p>La presente Pol\u00edtica de Privacidad ha sido desarrollada teniendo en cuenta lo dispuesto por la Ley Org\u00e1nica de Protecci\u00f3n de Datos de car\u00e1cter personal en vigor, as\u00ed como por el Reglamento 2016\/679 del Parlamento Europeo y del consejo del 27 de abril de 2016 relativo a la protecci\u00f3n de las personas f\u00edsicas en lo que respecta al tratamiento de datos personales y a la circulaci\u00f3n de estos datos, en adelante el RGPD.<\/p>\n<p>Esta Pol\u00edtica de Privacidad tiene por objeto poner en conocimiento de los titulares de los datos personales, respecto de los cuales se est\u00e1 recabando informaci\u00f3n, los aspectos espec\u00edficos relativos al tratamiento sus datos, entre otras cosas, las finalidades de los tratamientos, los datos de contacto para ejercer los derechos que le asisten, los plazos de conservaci\u00f3n de la informaci\u00f3n y las medidas de seguridad entre otras cosas.<\/p>\n<p><strong>Responsable del Tratamiento<\/strong><\/p>\n<p>En t\u00e9rminos de protecci\u00f3n de datos SPANISH WINES BY CARLOS RODR\u00cdGUEZ S.L., debe ser considerado Responsable del Tratamiento, en relaci\u00f3n a los ficheros\/tratamientos identificados en la presente pol\u00edtica, concretamente en el apartado Tratamientos de datos.<\/p>\n<p>A continuaci\u00f3n se indican los datos identificativos del titular del presente sitio web:<\/p>\n<p>Responsable del Tratamiento: SPANISH WINES BY CARLOS RODR\u00cdGUEZ S.L.<\/p>\n<p>Direcci\u00f3n postal: C\/ DIPUTACION N\u00ba 45 3\u00ba E, OYON (ALAVA).<\/p>\n<p>Direcci\u00f3n electr\u00f3nica: info@abasolleira.com<\/p>\n<p><strong>Tratamientos de datos<\/strong><\/p>\n<p>Los datos de car\u00e1cter personal que se soliciten, en su caso, consistir\u00e1n \u00fanicamente en aquellos estrictamente imprescindibles para identificar y atender la solicitud realizada por el titular de los mismos, en adelante el interesado. Dicha informaci\u00f3n ser\u00e1 tratada de forma leal, l\u00edcita y transparente en relaci\u00f3n con el interesado. Por otra parte, los datos personales ser\u00e1n recogidos para finalidades determinadas expl\u00edcitas y leg\u00edtimas, no siendo tratados ulteriormente de manera incompatible con dichos fines.<\/p>\n<p>Los datos recogidos de cada interesado ser\u00e1n adecuados, pertinentes y no excesivos en relaci\u00f3n a las finalidades correspondientes para cada caso, y ser\u00e1n actualizados siempre que sea necesario.<\/p>\n<p>El titular de los datos ser\u00e1 informado, con car\u00e1cter previo a la recogida de sus datos, de los extremos generales regulados en esta pol\u00edtica a fin de que pueda prestar el consentimiento expreso, preciso e inequ\u00edvoco para el tratamiento de sus datos, conforme a los siguientes aspectos.<\/p>\n<p><em>Finalidades del tratamiento. <\/em><\/p>\n<p>Las finalidades expl\u00edcitas para las cuales se llevan a cabo cada uno de los tratamientos vienen recogidas en las cl\u00e1usulas informativas incorporadas en cada una de las v\u00edas de toma de datos (formularios web, formularios en papel, locuciones o carteles y notas informativas).<\/p>\n<p>No obstante, los datos de car\u00e1cter personal del interesado ser\u00e1n tratados con la exclusiva finalidad de proporcionarles una respuesta efectiva y atender las solicitudes practicadas por el usuario, especificadas junto a la opci\u00f3n, servicio, formulario o sistema de toma de datos que el titular utilice.<\/p>\n<p><em>Legitimaci\u00f3n<\/em><\/p>\n<p>Por regla general, previo al tratamiento de los datos personales, SPANISH WINES BY CARLOS RODR\u00cdGUEZ S.L. obtiene consentimiento expreso e inequ\u00edvoco del titular de los mismos, mediante la incorporaci\u00f3n de cl\u00e1usulas de consentimiento informado en los diferentes sistemas de recogida de informaci\u00f3n.<\/p>\n<p>&nbsp;<\/p>\n<p>No obstante, en caso de que no se requiera el consentimiento del interesado, la base legitimadora del tratamiento en la cual se ampara SPANISH WINES BY CARLOS RODR\u00cdGUEZ S.L., es la existencia de una ley o norma espec\u00edfica que autorice o exija el tratamiento de los datos del interesado.<\/p>\n<p>&nbsp;<\/p>\n<p><em>Destinatarios<\/em><\/p>\n<p>Por regla general, SPANISH WINES BY CARLOS RODR\u00cdGUEZ S.L. no procede a la cesi\u00f3n o comunicaci\u00f3n de los datos a terceras entidades, salvo las requeridas legalmente, no obstante, en caso de que fuera necesario, dichas cesiones o comunicaciones de datos se informan al interesado a trav\u00e9s de las cl\u00e1usulas de consentimiento informado contenidas en las diferentes v\u00edas de recogida de datos personales.<\/p>\n<p>&nbsp;<\/p>\n<p><em>Procedencia<\/em><\/p>\n<p>Por regla general, los datos personales se recogen siempre directamente del interesado, no obstante, en determinadas excepciones, los datos pueden ser recogidos a trav\u00e9s de terceras personas, entidades o servicios diferentes del interesado. En este sentido, este extremo ser\u00e1 trasladado al interesado a trav\u00e9s de las cl\u00e1usulas de consentimiento informado contenidas en las diferentes v\u00edas de recogida de informaci\u00f3n y dentro de un plazo razonable, una vez obtenidos los datos, y a m\u00e1s tardar dentro de un mes.<\/p>\n<p>&nbsp;<\/p>\n<p><em>Plazos de conservaci\u00f3n<\/em><\/p>\n<p>La informaci\u00f3n recabada del interesado ser\u00e1 conservada mientras sea necesaria para cumplir con la finalidad para la cual fueron recabados los datos personales, de forma que, una vez cumplida la finalidad los datos ser\u00e1n cancelados. Dicha cancelaci\u00f3n dar\u00e1 lugar al bloqueo de los datos conserv\u00e1ndose \u00fanicamente a disposici\u00f3n de las AAPP, Jueces y Tribunales, para atender las posibles responsabilidades nacidas del tratamiento, durante el plazo de prescripci\u00f3n de \u00e9stas, cumplido el citado plazo se proceder\u00e1 a la destrucci\u00f3n de la informaci\u00f3n.<\/p>\n<p>A t\u00edtulo informativo, a continuaci\u00f3n se recogen los plazos legales de conservaci\u00f3n de la informaci\u00f3n en relaci\u00f3n a diferentes materias:<\/p>\n<p>[\/et_pb_text][\/et_pb_column][\/et_pb_row][\/et_pb_section]<\/p>\n","protected":false},"excerpt":{"rendered":"<p>POL\u00cdTICA DE PRIVACIDAD Introducci\u00f3n La presente Pol\u00edtica de Privacidad ha sido desarrollada teniendo en cuenta lo dispuesto por la Ley Org\u00e1nica de Protecci\u00f3n de Datos de car\u00e1cter personal en vigor, as\u00ed como por el Reglamento 2016\/679 del Parlamento Europeo y del consejo del 27 de abril de 2016 relativo a la protecci\u00f3n de las personas [&hellip;]<\/p>\n","protected":false},"author":1,"featured_media":0,"parent":0,"menu_order":0,"comment_status":"closed","ping_status":"closed","template":"","meta":{"_et_pb_use_builder":"on","_et_pb_old_content":"","_et_gb_content_width":"","footnotes":""},"class_list":["post-28862","page","type-page","status-publish","hentry"],"_links":{"self":[{"href":"https:\/\/abasolleira.com\/en\/wp-json\/wp\/v2\/pages\/28862","targetHints":{"allow":["GET"]}}],"collection":[{"href":"https:\/\/abasolleira.com\/en\/wp-json\/wp\/v2\/pages"}],"about":[{"href":"https:\/\/abasolleira.com\/en\/wp-json\/wp\/v2\/types\/page"}],"author":[{"embeddable":true,"href":"https:\/\/abasolleira.com\/en\/wp-json\/wp\/v2\/users\/1"}],"replies":[{"embeddable":true,"href":"https:\/\/abasolleira.com\/en\/wp-json\/wp\/v2\/comments?post=28862"}],"version-history":[{"count":0,"href":"https:\/\/abasolleira.com\/en\/wp-json\/wp\/v2\/pages\/28862\/revisions"}],"wp:attachment":[{"href":"https:\/\/abasolleira.com\/en\/wp-json\/wp\/v2\/media?parent=28862"}],"curies":[{"name":"wp","href":"https:\/\/api.w.org\/{rel}","templated":true}]}}