{"id":28855,"date":"2018-03-19T11:00:04","date_gmt":"2018-03-19T11:00:04","guid":{"rendered":"http:\/\/abasolleira.com\/condiciones-de-compra\/"},"modified":"2020-03-26T16:17:06","modified_gmt":"2020-03-26T16:17:06","slug":"condiciones-de-compra","status":"publish","type":"page","link":"https:\/\/abasolleira.com\/en\/condiciones-de-compra\/","title":{"rendered":"Condiciones de compra"},"content":{"rendered":"<p>[et_pb_section fb_built=&#8221;1&#8243; _builder_version=&#8221;3.22&#8243;][et_pb_row _builder_version=&#8221;3.25&#8243; background_size=&#8221;initial&#8221; background_position=&#8221;top_left&#8221; background_repeat=&#8221;repeat&#8221;][et_pb_column type=&#8221;4_4&#8243; _builder_version=&#8221;3.25&#8243; custom_padding=&#8221;|||&#8221; custom_padding__hover=&#8221;|||&#8221;][et_pb_text _builder_version=&#8221;4.4.1&#8243; hover_enabled=&#8221;0&#8243;]<\/p>\n<h1>CONDICIONES DE COMPRA<\/h1>\n<h2>Titular y condiciones generales de compra<\/h2>\n<p>Las presentes Condiciones Generales de Contrataci\u00f3n \u2013 ahora en adelante CGC -, regulan las condiciones de compra de los diferentes vinos ofrecidos en nuestra web: www.abasolleira.com, propiedad de Spanish Wines by Carlos Rodr\u00edguez S.L., (con C.I.F. B-01509546, inscrita en el REGISTRO MERCANTIL DE \u00c1LAVA, DE TOMO 1530, FOLIO 149, INSCRIPCION 1\u00aa, HOJA VI-16380).<br \/>Los usuarios que realicen compras en www.abasolleira.com aceptan plenamente las presentes CGC y quedaran vinculados por estas, tal y como si fueran escritas en el momento de contrataci\u00f3n\/compra.<br \/>Sera requisito indispensable la lectura y la aceptaci\u00f3n de las CGC, con car\u00e1cter previo a la compra de cualquier producto a trav\u00e9s de www.abasolleira.com<br \/>ABA SOLLEIRA, con nombre fiscal Spanish Wines by Carlos Rodr\u00edguez S.L., se reserva el derecho de modificar las CGC en cualquier momento y sin previo aviso. Las CGC estar\u00e1n siempre accesibles a partir del sitio web, para que el usuario pueda consultarlas o imprimirlas en cualquier momento.<br \/>Los precios y condiciones de venta tienen un car\u00e1cter meramente informativo y pueden ser modificados en atenci\u00f3n a las fluctuaciones del mercado. No obstante, la realizaci\u00f3n del pedido mediante la cumplimentaci\u00f3n del formulario de compra, implica la conformidad con el precio ofertado y con las condiciones generales de venta vigentes en ese concreto momento. Una vez formalizado el pedido, se entender\u00e1 perfeccionada la compra de pleno derecho, con todas las garant\u00edas legales que amparan al consumidor adquirente y, desde ese instante, los precios y condiciones tendr\u00e1n car\u00e1cter contractual y no podr\u00e1n ser modificados sin el expreso acuerdo de ambos contratantes.<\/p>\n<h2>Forma de pago<\/h2>\n<p>El pago del precio de los bienes comprados, se podr\u00e1 realizar mediante tarjeta de cr\u00e9dito. Para realizar el pago con tarjeta de cr\u00e9dito, el Usuario deber\u00e1 seguir las instrucciones que aparecen en pantalla.<\/p>\n<p>Los gastos de env\u00edo son gratuitos para entregas en direcciones en Espa\u00f1a (pen\u00ednsula). Para env\u00edos a otras zonas diferentes a Espa\u00f1a (pen\u00ednsula), ponte en contacto con nosotros a trav\u00e9s de la direcci\u00f3n de correo electr\u00f3nico info@abasolleira.com.<\/p>\n<h2>Env\u00edos<\/h2>\n<p>El pedido se entregar\u00e1 en la direcci\u00f3n que el Usuario haya indicado en el formulario de compra. En ning\u00fan caso se realizar\u00e1n env\u00edos a apartados postales.<br \/>La entrega de los productos en la pen\u00ednsula ser\u00e1 de lunes a viernes con un plazo de entrega de 48\/72 horas desde la confirmaci\u00f3n del pago (sin contar s\u00e1bados, domingos o festivos).<\/p>\n<h2>Devoluciones<\/h2>\n<p>Conforme a la legislaci\u00f3n vigente, se puede proceder a la devoluci\u00f3n o desistimiento de productos, por el motivo que sea, en un plazo de 14 d\u00edas naturales desde la recepci\u00f3n de la mercanc\u00eda por el cliente. Para ello se deben cumplir las condiciones expuestas en este documento.<br \/>No se podr\u00e1 ejercer este derecho cuando existan indicios de que los productos han sido abiertos, manipulados o expuestos a condiciones inadecuadas. Es obligatorio devolver los productos protegidos correctamente, en su embalaje original, en perfecto estado para su venta posterior.<br \/>En el caso de que el pedido llegu\u00e9 da\u00f1ado o roto se deber\u00e1 comunicar en el albar\u00e1n de entrega. Cualquier otra incidencia p\u00f3ngase en contacto con nosotros en un plazo de 24 horas desde la recepci\u00f3n del pedido a trav\u00e9s del tel\u00e9fono +34 676391523 o escribiendo a info@abasolleira.com.<br \/>En el supuesto de devoluci\u00f3n de la compra, en todo caso, deber\u00e1n cumplirse los siguientes requisitos:<br \/>1. Debes ponerte en contacto con nosotros a trav\u00e9s de trav\u00e9s del tel\u00e9fono +34 676391523 o escribiendo a info@abasolleira.com para comunicarnos el motivo de la devoluci\u00f3n.<br \/>2. El producto debe estar en el mismo estado en que se entreg\u00f3 y deber\u00e1 conservar su embalaje y etiquetado original, evitando pegatinas, precintos o cintas adhesivas directamente sobre la superficie o embalaje del art\u00edculo. En caso contrario ABA SOLLEIRA se reserva el derecho de rechazar la devoluci\u00f3n.<br \/>3. Deber\u00e1 incluirse una copia del justificante de compra y del albar\u00e1n de entrega de los productos dentro del paquete, donde adem\u00e1s se indiquen los productos devueltos y el motivo de la devoluci\u00f3n.<br \/>4. Las devoluciones de los pedidos deber\u00e1n remitirse a nombre de Spanish Wines by Carlos Rodr\u00edguez S.L. a la siguiente direcci\u00f3n: Avda. Diputaci\u00f3n 45 3\u00baE (Izq.), 01320 Oy\u00f3n (\u00c1lava).<br \/>5. Los gastos de transporte originados por la devoluci\u00f3n correr\u00e1n a tu cargo. T\u00fa eres libre de elegir y buscar la agencia que m\u00e1s se adapte a tus necesidades o te ofrezca las tarifas m\u00e1s competitivas.<br \/>6. Una vez recibida la mercanc\u00eda y comprobada que est\u00e1 en perfectas condiciones, se tramitar\u00e1 la devoluci\u00f3n del importe. Te devolveremos el pago recibido, incluido el gasto de entrega con la excepci\u00f3n de los gastos adicionales resultantes de la elecci\u00f3n por tu parte de una modalidad de entrega diferente a la modalidad menos costosa de entrega ordinaria que ofrezcamos. Te realizaremos el abono en un plazo m\u00e1ximo de 30 d\u00edas naturales desde que ejerzas tu derecho de devoluci\u00f3n. Hasta que no hayamos recibido los bienes podremos retener el reembolso.<\/p>\n<h2>Resoluci\u00f3n de litigios<\/h2>\n<p>Resoluci\u00f3n de litigios en l\u00ednea en materia de consumo conforme al Art. 14.1 del Reglamento (UE) 524\/2013: La Comisi\u00f3n Europea facilita una plataforma de resoluci\u00f3n de litigios en l\u00ednea que se encuentra disponible en el siguiente enlace: http:\/\/ec.europa.eu\/consumers\/odr\/.<\/p>\n<p>[\/et_pb_text][\/et_pb_column][\/et_pb_row][\/et_pb_section]<\/p>\n","protected":false},"excerpt":{"rendered":"<p>CONDICIONES DE COMPRA Titular y condiciones generales de compra Las presentes Condiciones Generales de Contrataci\u00f3n \u2013 ahora en adelante CGC -, regulan las condiciones de compra de los diferentes vinos ofrecidos en nuestra web: www.abasolleira.com, propiedad de Spanish Wines by Carlos Rodr\u00edguez S.L., (con C.I.F. B-01509546, inscrita en el REGISTRO MERCANTIL DE \u00c1LAVA, DE TOMO [&hellip;]<\/p>\n","protected":false},"author":1,"featured_media":0,"parent":0,"menu_order":0,"comment_status":"closed","ping_status":"closed","template":"","meta":{"_et_pb_use_builder":"on","_et_pb_old_content":"","_et_gb_content_width":"","footnotes":""},"class_list":["post-28855","page","type-page","status-publish","hentry"],"_links":{"self":[{"href":"https:\/\/abasolleira.com\/en\/wp-json\/wp\/v2\/pages\/28855","targetHints":{"allow":["GET"]}}],"collection":[{"href":"https:\/\/abasolleira.com\/en\/wp-json\/wp\/v2\/pages"}],"about":[{"href":"https:\/\/abasolleira.com\/en\/wp-json\/wp\/v2\/types\/page"}],"author":[{"embeddable":true,"href":"https:\/\/abasolleira.com\/en\/wp-json\/wp\/v2\/users\/1"}],"replies":[{"embeddable":true,"href":"https:\/\/abasolleira.com\/en\/wp-json\/wp\/v2\/comments?post=28855"}],"version-history":[{"count":0,"href":"https:\/\/abasolleira.com\/en\/wp-json\/wp\/v2\/pages\/28855\/revisions"}],"wp:attachment":[{"href":"https:\/\/abasolleira.com\/en\/wp-json\/wp\/v2\/media?parent=28855"}],"curies":[{"name":"wp","href":"https:\/\/api.w.org\/{rel}","templated":true}]}}