{"id":28851,"date":"2018-03-19T10:38:58","date_gmt":"2018-03-19T10:38:58","guid":{"rendered":"http:\/\/abasolleira.com\/avisos-legales\/"},"modified":"2020-03-26T16:19:29","modified_gmt":"2020-03-26T16:19:29","slug":"avisos-legales","status":"publish","type":"page","link":"https:\/\/abasolleira.com\/en\/avisos-legales\/","title":{"rendered":"AVISOS LEGALES"},"content":{"rendered":"<p>[et_pb_section fb_built=&#8221;1&#8243; _builder_version=&#8221;3.22&#8243;][et_pb_row _builder_version=&#8221;3.25&#8243; background_size=&#8221;initial&#8221; background_position=&#8221;top_left&#8221; background_repeat=&#8221;repeat&#8221;][et_pb_column type=&#8221;4_4&#8243; _builder_version=&#8221;3.25&#8243; custom_padding=&#8221;|||&#8221; custom_padding__hover=&#8221;|||&#8221;][et_pb_text _builder_version=&#8221;4.4.1&#8243; hover_enabled=&#8221;0&#8243;]<\/p>\n<h1>AVISO LEGAL<\/h1>\n<p><strong>Informaci\u00f3n General<\/strong><\/p>\n<p>El titular del sitio web https:\/\/www.abasolleira.com es SPANISH WINES BY CARLOS RODR\u00cdGUEZ S.L., con NIF B01509546 y domicilio sito en Avenida Diputaci\u00f3n 45 3\u00baE en OYON, (\u00c1lava). La entidad se encuentra inscrita en el Registro Mercantil con los siguientes datos de inscripci\u00f3n: REGISTRO MERCANTIL DE \u00c1LAVA, DE TOMO 1530, FOLIO 149, INSCRIPCION 1\u00aa, HOJA VI-16380.<\/p>\n<p>Con \u00e1nimo de que el uso del sitio web se ajuste a criterios de transparencia, claridad y sencillez, SPANISH WINES BY CARLOS RODR\u00cdGUEZ S.L., informa al usuario que cualquier sugerencia, duda o consulta sobre el presente Aviso Legal o cualquier otro documento informativo del sitio web ser\u00e1 recibida y solucionada contactando con SPANISH WINES BY CARLOS RODR\u00cdGUEZ S.L., a trav\u00e9s de la direcci\u00f3n de correo electr\u00f3nica: info@abasolleira.com.<\/p>\n<p>\u00a0<strong>\u00a0Propiedad Intelectual<\/strong><\/p>\n<p>Todos los contenidos que se muestran en el presente sitio web, y en especial dise\u00f1os, textos, im\u00e1genes, logos, iconos, nombres comerciales, marcas o cualquier otra informaci\u00f3n susceptible de utilizaci\u00f3n industrial y\/o comercial est\u00e1n protegidos por los correspondientes derechos de autor, no permitiendo su reproducci\u00f3n, transmisi\u00f3n o registro de informaci\u00f3n salvo autorizaci\u00f3n previa del titular SPANISH WINES BY CARLOS RODR\u00cdGUEZ S.L. No obstante el usuario podr\u00e1 utilizar informaci\u00f3n facilitada para gestionar su pedido y los datos de contacto correspondientes.<\/p>\n<p><strong>Enlaces<\/strong><\/p>\n<p>SPANISH WINES BY CARLOS RODR\u00cdGUEZ S.L. no asume ninguna responsabilidad sobre los enlaces hac\u00eda otros sitios o p\u00e1ginas web que, en su caso, pudieran incluirse en el mismo, ya que no tiene ning\u00fan tipo de control sobre los mismos, por lo que el usuario accede bajo su exclusiva responsabilidad al contenido y en las condiciones de uso que rijan en los mismos.<\/p>\n<p>[\/et_pb_text][\/et_pb_column][\/et_pb_row][\/et_pb_section]<\/p>\n","protected":false},"excerpt":{"rendered":"<p>AVISO LEGAL Informaci\u00f3n General El titular del sitio web https:\/\/www.abasolleira.com es SPANISH WINES BY CARLOS RODR\u00cdGUEZ S.L., con NIF B01509546 y domicilio sito en Avenida Diputaci\u00f3n 45 3\u00baE en OYON, (\u00c1lava). La entidad se encuentra inscrita en el Registro Mercantil con los siguientes datos de inscripci\u00f3n: REGISTRO MERCANTIL DE \u00c1LAVA, DE TOMO 1530, FOLIO 149, [&hellip;]<\/p>\n","protected":false},"author":1,"featured_media":0,"parent":0,"menu_order":0,"comment_status":"closed","ping_status":"closed","template":"","meta":{"_et_pb_use_builder":"on","_et_pb_old_content":"","_et_gb_content_width":"","footnotes":""},"class_list":["post-28851","page","type-page","status-publish","hentry"],"_links":{"self":[{"href":"https:\/\/abasolleira.com\/en\/wp-json\/wp\/v2\/pages\/28851","targetHints":{"allow":["GET"]}}],"collection":[{"href":"https:\/\/abasolleira.com\/en\/wp-json\/wp\/v2\/pages"}],"about":[{"href":"https:\/\/abasolleira.com\/en\/wp-json\/wp\/v2\/types\/page"}],"author":[{"embeddable":true,"href":"https:\/\/abasolleira.com\/en\/wp-json\/wp\/v2\/users\/1"}],"replies":[{"embeddable":true,"href":"https:\/\/abasolleira.com\/en\/wp-json\/wp\/v2\/comments?post=28851"}],"version-history":[{"count":0,"href":"https:\/\/abasolleira.com\/en\/wp-json\/wp\/v2\/pages\/28851\/revisions"}],"wp:attachment":[{"href":"https:\/\/abasolleira.com\/en\/wp-json\/wp\/v2\/media?parent=28851"}],"curies":[{"name":"wp","href":"https:\/\/api.w.org\/{rel}","templated":true}]}}